{"id":73,"date":"2017-04-03T21:29:50","date_gmt":"2017-04-03T21:29:50","guid":{"rendered":"http:\/\/csautomation.apps-1and1.net\/?page_id=73"},"modified":"2023-11-14T14:44:35","modified_gmt":"2023-11-14T14:44:35","slug":"profil","status":"publish","type":"page","link":"https:\/\/cs-automation.de\/en\/","title":{"rendered":"Profile","raw":"Profile"},"content":{"rendered":"","protected":false,"raw":""},"excerpt":{"rendered":"","protected":false,"raw":""},"author":1,"featured_media":0,"parent":0,"menu_order":0,"comment_status":"closed","ping_status":"closed","template":"","meta":{"_de_post_content":"<table>\r\n<tbody>\r\n<tr>\r\n<th style=\"border-width: 0px;\"><img class=\"alignleft size-thumbnail wp-image-321\" src=\"https:\/\/cs-automation.de\/wp-content\/uploads\/2017\/05\/leer-150x121.png\" alt=\"\" width=\"50\" height=\"1\" \/>\r\n<h1>Komplexe Aufgaben, optimal gel\u00f6st.<\/h1>\r\n<h6><\/h6>\r\n<h2>CS-automation<\/h2>\r\n<h4>ist seit \u00fcber 25 Jahren erfolgreich international im Bereich der<\/h4>\r\n<h4>Steuerungs-, Automatisierungs- und Antriebstechnik t\u00e4tig.<\/h4>\r\n<h4>Wir sind zuverl\u00e4ssiger Partner f\u00fcr L\u00f6sungen komplexer Steuerungs-<\/h4>\r\n<h4>und Visualisierungsaufgaben.<\/h4>\r\n<h4>Zudem optimieren wir die Bedienung und Installation von Anlagen.<\/h4>\r\n&nbsp;\r\n<h2>Unser Ziel ist<\/h2>\r\n<h4>die beste Gesamtl\u00f6sung f\u00fcr unsere Kunden - wirtschaftlich und technologisch.<\/h4>\r\n&nbsp;\r\n<h2>Was uns auszeichnet<\/h2>\r\n<h4>Systematische Problemanalyse, innovative und kreative Konzeption<\/h4>\r\n<h4>sowie professionelles Projektmanagement aus einer Hand.<\/h4>\r\n<h4>Wir erstellen Hard- und Software, Dokumentation (mehrsprachig) und \u00fcbernehmen<\/h4>\r\n<h4>die Installationsplanung sowie die schl\u00fcsselfertige Montage und<\/h4>\r\n<h4>Inbetriebnahme weltweit.<\/h4>\r\n<img class=\"alignleft size-thumbnail wp-image-321\" src=\"https:\/\/cs-automation.de\/wp-content\/uploads\/2017\/05\/leer-150x121.png\" alt=\"\" width=\"100\" height=\"1\" \/>\r\n<div class=\"n2_ss_slider_publish__option_code\" dir=\"ltr\" data-mode=\"id\">[smartslider3 slider=\"6\"]<\/div><\/th>\r\n<\/tr>\r\n<\/tbody>\r\n<\/table>","_de_post_name":"profil","_de_post_excerpt":"","_de_post_title":"Profil","_en_post_content":"","_en_post_name":"profil","_en_post_excerpt":"","_en_post_title":"Profile","edit_language":"en","footnotes":""},"class_list":["post-73","page","type-page","status-publish","hentry"],"_links":{"self":[{"href":"https:\/\/cs-automation.de\/en\/wp-json\/wp\/v2\/pages\/73","targetHints":{"allow":["GET"]}}],"collection":[{"href":"https:\/\/cs-automation.de\/en\/wp-json\/wp\/v2\/pages"}],"about":[{"href":"https:\/\/cs-automation.de\/en\/wp-json\/wp\/v2\/types\/page"}],"author":[{"embeddable":true,"href":"https:\/\/cs-automation.de\/en\/wp-json\/wp\/v2\/users\/1"}],"replies":[{"embeddable":true,"href":"https:\/\/cs-automation.de\/en\/wp-json\/wp\/v2\/comments?post=73"}],"version-history":[{"count":135,"href":"https:\/\/cs-automation.de\/en\/wp-json\/wp\/v2\/pages\/73\/revisions"}],"predecessor-version":[{"id":1055,"href":"https:\/\/cs-automation.de\/en\/wp-json\/wp\/v2\/pages\/73\/revisions\/1055"}],"wp:attachment":[{"href":"https:\/\/cs-automation.de\/en\/wp-json\/wp\/v2\/media?parent=73"}],"curies":[{"name":"wp","href":"https:\/\/api.w.org\/{rel}","templated":true}]}}