{"id":655,"date":"2017-05-17T13:58:10","date_gmt":"2017-05-17T13:58:10","guid":{"rendered":"http:\/\/csautomation.apps-1and1.net\/?page_id=655"},"modified":"2019-03-20T07:55:34","modified_gmt":"2019-03-20T07:55:34","slug":"imprint","status":"publish","type":"page","link":"https:\/\/cs-automation.de\/en\/imprint\/","title":{"rendered":"Imprint","raw":"Imprint"},"content":{"rendered":"<table>\n<tbody>\n<tr>\n<td><img loading=\"lazy\" decoding=\"async\" class=\"alignleft size-thumbnail wp-image-321\" src=\"https:\/\/cs-automation.de\/wp-content\/uploads\/2017\/05\/leer-150x121.png\" alt=\"\" width=\"50\" height=\"1\" \/><\/td>\n<td>\n<h3>Imprint<\/h3>\n<h6>&nbsp; <\/h6>\n<h4>Klaus Steinkamp e. K.<\/h4>\n<h6>&nbsp; <\/h6>\n<h4>acts under<\/h4>\n<h6>&nbsp; <\/h6>\n<h4>CS Ingenieur-B\u00fcro<\/h4>\n<h4>f\u00fcr Automatisierungstechnik<\/h4>\n<h4>Hagener Strasse 20 &#8211; 24<\/h4>\n<h4>58285 Gevelsberg<\/h4>\n<h4>Germany<\/h4>\n<h6>&nbsp; <\/h6>\n<h4>Tel. +49 2332. 5 44 15 &#8211; 20<\/h4>\n<h4>Fax +49 2332. 5 44 15 &#8211; 40<\/h4>\n<h6>&nbsp; <\/h6>\n<h4>e-Mail: info[at]cs-automation.de<\/h4>\n<h6>&nbsp; <\/h6>\n<h4>Commercial register A 4997 &#8211; trial court Hagen<\/h4>\n<h6>&nbsp; <\/h6>\n<h4>VAT Reg. No. DE 173 484 782<\/h4>\n<h6>&nbsp; <\/h6>\n<h4>Der Nutzung von im Rahmen der Impressumspflicht ver\u00f6ffentlichten Kontaktdaten durch Dritte zur \u00dcbersendung von nicht ausdr\u00fccklich angeforderter Werbung und<\/h4>\n<h4>Informationsmaterialien wird hiermit ausdr\u00fccklich widersprochen. CS Ingenieur-B\u00fcro f\u00fcr Automatisierungstechnik beh\u00e4lt sich ausdr\u00fccklich rechtliche<\/h4>\n<h4>Schritte im Falle der unverlangten Zusendung von Werbeinformationen, etwa durch Spam-Mails vor.<\/h4>\n<\/td>\n<\/tr>\n<\/tbody>\n<\/table>\n","protected":false,"raw":"<table>\r\n<tbody>\r\n<tr>\r\n<td><img class=\"alignleft size-thumbnail wp-image-321\" src=\"https:\/\/cs-automation.de\/wp-content\/uploads\/2017\/05\/leer-150x121.png\" alt=\"\" width=\"50\" height=\"1\" \/><\/td>\r\n<td>\r\n<h3>Imprint<\/h3>\r\n<h6>&nbsp; <\/h6>\r\n<h4>Klaus Steinkamp e. K.<\/h4>\r\n<h6>&nbsp; <\/h6>\r\n<h4>acts under<\/h4>\r\n<h6>&nbsp; <\/h6>\r\n<h4>CS Ingenieur-B\u00fcro<\/h4>\r\n<h4>f\u00fcr Automatisierungstechnik<\/h4>\r\n<h4>Hagener Strasse 20 - 24<\/h4>\r\n<h4>58285 Gevelsberg<\/h4> \r\n<h4>Germany<\/h4> \r\n<h6>&nbsp; <\/h6>\r\n<h4>Tel. +49 2332. 5 44 15 - 20<\/h4>\r\n<h4>Fax +49 2332. 5 44 15 - 40<\/h4>\r\n<h6>&nbsp; <\/h6>\r\n<h4>e-Mail: info[at]cs-automation.de<\/h4>\r\n<h6>&nbsp; <\/h6>\r\n<h4>Commercial register A 4997 - trial court Hagen<\/h4>\r\n<h6>&nbsp; <\/h6>\r\n<h4>VAT Reg. No. DE 173 484 782<\/h4>\r\n<h6>&nbsp; <\/h6>\r\n<h4>Der Nutzung von im Rahmen der Impressumspflicht ver\u00f6ffentlichten Kontaktdaten durch Dritte zur \u00dcbersendung von nicht ausdr\u00fccklich angeforderter Werbung und<\/h4>\r\n<h4>Informationsmaterialien wird hiermit ausdr\u00fccklich widersprochen. CS Ingenieur-B\u00fcro f\u00fcr Automatisierungstechnik beh\u00e4lt sich ausdr\u00fccklich rechtliche<\/h4>\r\n<h4>Schritte im Falle der unverlangten Zusendung von Werbeinformationen, etwa durch Spam-Mails vor.<\/h4>\r\n<\/td>\r\n<\/tr>\r\n<\/tbody>\r\n<\/table>"},"excerpt":{"rendered":"","protected":false,"raw":""},"author":1,"featured_media":0,"parent":0,"menu_order":0,"comment_status":"closed","ping_status":"closed","template":"","meta":{"_de_post_content":"<table>\r\n<tbody>\r\n<tr>\r\n<td><img class=\"alignleft size-thumbnail wp-image-321\" src=\"https:\/\/cs-automation.de\/wp-content\/uploads\/2017\/05\/leer-150x121.png\" alt=\"\" width=\"50\" height=\"1\" \/><\/td>\r\n<td>\r\n<h1>Impressum (\u00a7 5 TMG):<\/h1>\r\n<h6>&nbsp; <\/h6>\r\n<h4>Klaus Steinkamp e. K.<\/h4>\r\n<h6>&nbsp; <\/h6>\r\n<h4>handelt unter<\/h4>\r\n<h6>&nbsp; <\/h6>\r\n<h4>CS Ingenieur-B\u00fcro<\/h4>\r\n<h4>f\u00fcr Automatisierungstechnik<\/h4>\r\n<h4>Hagener Strasse 20 - 24<\/h4>\r\n<h4>D-58285 Gevelsberg<\/h4>\r\n<h6>&nbsp; <\/h6>\r\n<h4>Telefon 02332. 5 44 15 - 20<\/h4>\r\n<h4>Telefax 02332. 5 44 15 - 40<\/h4>\r\n<h6>&nbsp; <\/h6>\r\n<h4>e-Mail info[at]cs-automation.de<\/h4>\r\n<h6>&nbsp; <\/h6>\r\n<h4>HRA 4997 - AG Hagen<\/h4>\r\n<h6>&nbsp; <\/h6>\r\n<h4>USt.-ID-Nr. DE 173 484 782<\/h4>\r\n<h6>&nbsp; <\/h6>\r\n<h4><a href=\"https:\/\/cs-automation.de\/datenschutz\">Datenschutz<\/a><\/h4>\r\n<h4><a href=\"https:\/\/cs-automation.de\/rechtliche-hinweise\">Rechliche Hinweise<\/a><\/h4>\r\n<h6>&nbsp; <\/h6>\r\n<h4>Der Nutzung von im Rahmen der Impressumspflicht ver\u00f6ffentlichten Kontaktdaten durch Dritte zur \u00dcbersendung von nicht ausdr\u00fccklich angeforderter Werbung und<\/h4>\r\n<h4>Informationsmaterialien wird hiermit ausdr\u00fccklich widersprochen. CS Ingenieur-B\u00fcro f\u00fcr Automatisierungstechnik beh\u00e4lt sich ausdr\u00fccklich rechtliche<\/h4>\r\n<h4>Schritte im Falle der unverlangten Zusendung von Werbeinformationen, etwa durch Spam-Mails vor.<\/h4>\r\n<\/td>\r\n<\/tr>\r\n<\/tbody>\r\n<\/table>","_de_post_name":"impressum","_de_post_excerpt":"","_de_post_title":"Impressum","_en_post_content":"<table>\r\n<tbody>\r\n<tr>\r\n<td><img class=\"alignleft size-thumbnail wp-image-321\" src=\"https:\/\/cs-automation.de\/wp-content\/uploads\/2017\/05\/leer-150x121.png\" alt=\"\" width=\"50\" height=\"1\" \/><\/td>\r\n<td>\r\n<h3>Imprint<\/h3>\r\n<h6>&nbsp; <\/h6>\r\n<h4>Klaus Steinkamp e. K.<\/h4>\r\n<h6>&nbsp; <\/h6>\r\n<h4>acts under<\/h4>\r\n<h6>&nbsp; <\/h6>\r\n<h4>CS Ingenieur-B\u00fcro<\/h4>\r\n<h4>f\u00fcr Automatisierungstechnik<\/h4>\r\n<h4>Hagener Strasse 20 - 24<\/h4>\r\n<h4>58285 Gevelsberg<\/h4> \r\n<h4>Germany<\/h4> \r\n<h6>&nbsp; <\/h6>\r\n<h4>Tel. +49 2332. 5 44 15 - 20<\/h4>\r\n<h4>Fax +49 2332. 5 44 15 - 40<\/h4>\r\n<h6>&nbsp; <\/h6>\r\n<h4>e-Mail: info[at]cs-automation.de<\/h4>\r\n<h6>&nbsp; <\/h6>\r\n<h4>Commercial register A 4997 - trial court Hagen<\/h4>\r\n<h6>&nbsp; <\/h6>\r\n<h4>VAT Reg. No. DE 173 484 782<\/h4>\r\n<h6>&nbsp; <\/h6>\r\n<h4>Der Nutzung von im Rahmen der Impressumspflicht ver\u00f6ffentlichten Kontaktdaten durch Dritte zur \u00dcbersendung von nicht ausdr\u00fccklich angeforderter Werbung und<\/h4>\r\n<h4>Informationsmaterialien wird hiermit ausdr\u00fccklich widersprochen. CS Ingenieur-B\u00fcro f\u00fcr Automatisierungstechnik beh\u00e4lt sich ausdr\u00fccklich rechtliche<\/h4>\r\n<h4>Schritte im Falle der unverlangten Zusendung von Werbeinformationen, etwa durch Spam-Mails vor.<\/h4>\r\n<\/td>\r\n<\/tr>\r\n<\/tbody>\r\n<\/table>","_en_post_name":"imprint","_en_post_excerpt":"","_en_post_title":"Imprint","edit_language":"en","footnotes":""},"class_list":["post-655","page","type-page","status-publish","hentry"],"_links":{"self":[{"href":"https:\/\/cs-automation.de\/en\/wp-json\/wp\/v2\/pages\/655","targetHints":{"allow":["GET"]}}],"collection":[{"href":"https:\/\/cs-automation.de\/en\/wp-json\/wp\/v2\/pages"}],"about":[{"href":"https:\/\/cs-automation.de\/en\/wp-json\/wp\/v2\/types\/page"}],"author":[{"embeddable":true,"href":"https:\/\/cs-automation.de\/en\/wp-json\/wp\/v2\/users\/1"}],"replies":[{"embeddable":true,"href":"https:\/\/cs-automation.de\/en\/wp-json\/wp\/v2\/comments?post=655"}],"version-history":[{"count":10,"href":"https:\/\/cs-automation.de\/en\/wp-json\/wp\/v2\/pages\/655\/revisions"}],"predecessor-version":[{"id":896,"href":"https:\/\/cs-automation.de\/en\/wp-json\/wp\/v2\/pages\/655\/revisions\/896"}],"wp:attachment":[{"href":"https:\/\/cs-automation.de\/en\/wp-json\/wp\/v2\/media?parent=655"}],"curies":[{"name":"wp","href":"https:\/\/api.w.org\/{rel}","templated":true}]}}