{"id":642,"date":"2017-05-17T13:16:53","date_gmt":"2017-05-17T13:16:53","guid":{"rendered":"http:\/\/csautomation.apps-1and1.net\/?page_id=642"},"modified":"2019-03-20T07:57:09","modified_gmt":"2019-03-20T07:57:09","slug":"datenschutz","status":"publish","type":"page","link":"https:\/\/cs-automation.de\/en\/datenschutz\/","title":{"rendered":"","raw":""},"content":{"rendered":"","protected":false,"raw":""},"excerpt":{"rendered":"","protected":false,"raw":""},"author":1,"featured_media":0,"parent":0,"menu_order":0,"comment_status":"closed","ping_status":"closed","template":"","meta":{"_de_post_content":"<table>\r\n<tbody>\r\n<tr>\r\n<td><img class=\"alignleft size-thumbnail wp-image-321\" src=\"https:\/\/cs-automation.de\/wp-content\/uploads\/2017\/05\/leer-150x121.png\" alt=\"\" width=\"50\" height=\"1\" \/><\/td>\r\n<td>\r\n<h1>Datenschutzerkl\u00e4rung<\/h1>\r\n<strong>Informationen \u00fcber die Erhebung personenbezogener Daten<\/strong>\r\n\r\nIm Folgenden informieren wir \u00fcber die Erhebung personenbezogener Daten bei der Nutzung unserer Internetseite.\r\nPersonenbezogene Daten sind alle Daten, die auf Sie pers\u00f6nlich beziehbar sind, z.B. Name, Adresse, eMail-Adresse,\r\nOnline-Kennungen, Nutzerverhalten usw.\r\n\r\nVerantwortlicher gem. Art. 4 Abs. 7 EU-Datenschutz-Grundverordnung (DS-GVO) ist\r\n\r\nCS Ingenieur-B\u00fcro\r\nf\u00fcr Automatisierungstechnik\r\nKlaus Steinkamp e.K.\r\nHagener Strasse 20 -24\r\nD-58285 Gevelsberg\r\nTelefon + 49 (0) 2332. 5 44 15 - 20\r\nTelefax + 49 (0) 2332. 5 44 15 - 40\r\neMail: info[at]cs-automation.de\r\n\r\n&nbsp;\r\n\r\n<strong>Ihre Rechte<\/strong>\r\nSie haben gegen\u00fcber uns folgende Rechte hinsichtlich der Sie betreffenden personenbezogenen Daten:\r\n<ul>\r\n \t<li>Recht auf Auskunft<\/li>\r\n \t<li>Recht auf Berichtigung oder L\u00f6schung<\/li>\r\n \t<li>Recht auf Einschr\u00e4nkung der Verarbeitung<\/li>\r\n \t<li>Recht auf Widerspruch gegen Verarbeitung<\/li>\r\n \t<li>Recht auf Daten\u00fcbertragbarkeit<\/li>\r\n<\/ul>\r\nAu\u00dferdem k\u00f6nnen Sie jederzeit Beschwerde bei einer Datenschutzaufsichtsbeh\u00f6rde einlegen,\r\nbeispielsweise wenn Sie der Meinung sind, dass die Datenverarbeitung nicht im Einklang mit\r\ndatenschutzrechtlichen Vorschriften steht.\r\n\r\n&nbsp;\r\n\r\n<strong>Erhebung personenbezogener Daten bei Besuch unserer Internetseite<\/strong>\r\nWenn Sie unsere Internetseite nutzen, ohne anderweitig (z. B. Nutzung des Kontaktformulars) Daten\r\nan uns zu \u00fcbermitteln, erheben wir technisch notwendige Daten, die automatisch an unseren Server\r\n\u00fcbermittelt werden, unter anderem:\r\n<ul>\r\n \t<li>IP-Adresse<\/li>\r\n \t<li>Datum und Uhrzeit der Anfrage<\/li>\r\n \t<li>Zeitzonendifferenz zur Greenwich Mean Time (GMT)<\/li>\r\n \t<li>Inhalt der Anforderung<\/li>\r\n \t<li>Zugriffsstatus\/HTTP-Statuscode<\/li>\r\n \t<li>Browser<\/li>\r\n \t<li>Betriebssystem<\/li>\r\n \t<li>Sprache und Version der Browsersoftware<\/li>\r\n<\/ul>\r\nDies ist technisch erforderlich, um Ihnen unsere Internetseite anzeigen zu k\u00f6nnen. Wir nutzen die\r\nDaten auch, um die Sicherheit und Stabilit\u00e4t unserer Internetseite zu gew\u00e4hrleisten.\r\nRechtsgrundlage f\u00fcr die Erhebung ist Art. 6 Abs. 1 lit. f DS-GVO.\r\n\r\n&nbsp;\r\n\r\n<strong>Datenerhebung, Verarbeitungszweck und Rechtsgrundlage<\/strong>\r\nBei Vertragsabschluss erheben wir personenbezogene Daten \u00fcber Sie. Diese betrifft beispielsweise\r\nVor- und Nachname, Anschrift, eMail-Adresse oder Telefonnummer.\r\nWir verwenden Sie Daten ausschlie\u00dflich zur Erf\u00fcllung unserer Pflichten aus dem Vertrag mit Ihnen.\r\nBeispielsweise verwenden wir Ihre Anschrift, um Ihnen die bestellte Ware zuzusenden, oder Ihre eMail-\r\nAdresse oder Telefonnummer um Sie kontaktieren zu k\u00f6nnen.\r\nRechtsgrundlage f\u00fcr die Verarbeitung Ihrer personenbezogenen Daten ist die Erf\u00fcllung des Vertrags mit\r\nIhnen gem\u00e4\u00df Art. 6 Abs. 1 lit. b DS-GVO. Besteht dar\u00fcber hinaus eine Einwilligung von Ihnen, ist zus\u00e4tzliche\r\nRechtsgrundlage Art. 6 Abs. 1 lit. a DS-GVO.\r\n\r\n&nbsp;\r\n\r\n<strong>Daten\u00fcbermittlung an Auftragsverarbeiter<\/strong>\r\nBei der Verarbeitung bedienen wir uns Fremdfirmen (z. B.\u00a0 1&amp;1, Post).\r\nDiese verarbeiten als sogenannte Auftragsverarbeiter f\u00fcr uns Ihre Daten und sind zum sorgf\u00e4ltigen Umgang\r\nmit den Daten verpflichtet. Eine solche Auftragsverarbeitung liegt beispielweise vor, wenn wir Daten in einem\r\nexternen Rechenzentrum speichern. Wir setzen solche Dienstleister ein in den Bereichen:\r\n<ul>\r\n \t<li>IT \/ Web Hosting<\/li>\r\n \t<li>Logistik<\/li>\r\n \t<li>Telekommunikation<\/li>\r\n<\/ul>\r\n&nbsp;\r\n\r\n<strong>Weitere Daten\u00fcbermittlungen<\/strong>\r\nWir \u00fcbermitteln personenbezogene Daten an externe\u00a0 Stellen, um unsere vertraglichen oder gesetzlichen\r\nVerpflichtungen zu erf\u00fcllen. Gesetzlich verpflichtet sind wir zur \u00dcbermittlung von Daten staatlichen\r\nBeh\u00f6rden, z. B. Steuerbeh\u00f6rden, Aufsichtsbeh\u00f6rden und Strafverfolgungsbeh\u00f6rden.\r\n\r\n&nbsp;\r\n\r\n<strong>Datenschutzerkl\u00e4rung Google Maps<\/strong>\r\nDiese Internetseite verwendet das Produkt Google Maps von Google Inc. Durch die Nutzung dieser\r\nInternetseite erkl\u00e4ren Sie sich mit der Erfassung, Bearbeitung sowie Nutzung der automatisiert\r\nerhobenen Daten durch Google Inc., deren Vertreter sowie Dritter einverstanden.\r\nDie Nutzungsbedingungen von Google Maps finden die unter <a href=\"http:\/\/www.google.com\/intl\/de_de\/help\/terms_maps.html\" target=\"_blank\" rel=\"noopener noreferrer\">Nutzungsbedingungen von Google Maps<\/a>.\r\n\r\n&nbsp;\r\n\r\n<strong>Speicherdauer<\/strong>\r\nWir verarbeiten und speichern Ihre personenbezogenen Daten nur solange, wie dies zur Erf\u00fcllung\r\nunserer vertraglichen Pflichten gegen\u00fcber Ihnen erforderlich ist.\r\nnach Wegfall unserer vertraglichen Pflichten werden Ihre Daten gesperrt oder gel\u00f6scht.\r\n\r\nEs k\u00f6nnen dar\u00fcber hinaus gesetzliche Aufbewahrungspflichten bestehen, beispielsweise handels- oder\r\nsteuerrechtliche Aufbewahrungsfristen (z. B. Handelsgesetzbuch, Abgabenordnung). Sofern solche Pflichten\r\nzur Aufbewahrung bestehen, sperren oder l\u00f6schen wir Ihre Daten mit Ende dieser Aufbewahrungsplichten.\r\n\r\n&nbsp;\r\n\r\n<strong>Kontaktformular \/ eMail<\/strong>\r\nAuf unserer Internetseite k\u00f6nnen Sie \u00fcber das Kontaktformular personenbezogene Daten eingeben.\r\nWenn Sie unser Kontaktformular nutzen, erheben und speichern wir die Daten, die in der Eingabemaske eingegeben\r\nwerden (Vor- und Nachname sowie die eMail-Adresse). Eine Weitergabe an Dritte findet nicht statt.\r\nRechtsgrundlage f\u00fcr die Verarbeitung ist im Falle einer Einwilligung Art. 6 Abs. 1 lit. a DS-GVO. Dient die Anfrage\r\nder Vorbereitung eines Vertragsabschlusses ist Art. 6 Abs. 1 lit. b DS-GVO zus\u00e4tzliche Rechtsgrundlage.\r\nDie Daten verwenden wir ausschlie\u00dflich, um Ihre Anfrage zu bearbeiten und zu beantworten.\r\n\r\n&nbsp;\r\n<\/td>\r\n<\/tr>\r\n<\/tbody>\r\n<\/table>","_de_post_name":"datenschutz","_de_post_excerpt":"","_de_post_title":"Datenschutz","_en_post_content":"","_en_post_name":"datenschutz","_en_post_excerpt":"","_en_post_title":"","edit_language":"en","footnotes":""},"class_list":["post-642","page","type-page","status-publish","hentry"],"_links":{"self":[{"href":"https:\/\/cs-automation.de\/en\/wp-json\/wp\/v2\/pages\/642","targetHints":{"allow":["GET"]}}],"collection":[{"href":"https:\/\/cs-automation.de\/en\/wp-json\/wp\/v2\/pages"}],"about":[{"href":"https:\/\/cs-automation.de\/en\/wp-json\/wp\/v2\/types\/page"}],"author":[{"embeddable":true,"href":"https:\/\/cs-automation.de\/en\/wp-json\/wp\/v2\/users\/1"}],"replies":[{"embeddable":true,"href":"https:\/\/cs-automation.de\/en\/wp-json\/wp\/v2\/comments?post=642"}],"version-history":[{"count":16,"href":"https:\/\/cs-automation.de\/en\/wp-json\/wp\/v2\/pages\/642\/revisions"}],"predecessor-version":[{"id":897,"href":"https:\/\/cs-automation.de\/en\/wp-json\/wp\/v2\/pages\/642\/revisions\/897"}],"wp:attachment":[{"href":"https:\/\/cs-automation.de\/en\/wp-json\/wp\/v2\/media?parent=642"}],"curies":[{"name":"wp","href":"https:\/\/api.w.org\/{rel}","templated":true}]}}